{"id":12149,"date":"2024-04-16T06:12:46","date_gmt":"2024-04-16T06:12:46","guid":{"rendered":"https:\/\/www.sim.edu.vn\/en\/?page_id=12149"},"modified":"2024-10-04T03:19:39","modified_gmt":"2024-10-04T03:19:39","slug":"course-list-3","status":"publish","type":"page","link":"https:\/\/sim.hcmut.edu.vn\/en\/course-list-3\/","title":{"rendered":"Course List"},"content":{"rendered":"\n<p><strong><strong>Postgraduate courses<\/strong><\/strong><\/p>\n\n\n\n<ul class=\"wp-block-list\">\n<li>075038 Ph\u01b0\u01a1ng ph\u00e1p nghi\u00ean c\u1ee9u trong kinh doanh (Business Research Methods)<\/li>\n\n\n\n<li>075058 Ph\u00e2n t\u00edch d\u1eef li\u1ec7u (Data Analysis)<\/li>\n\n\n\n<li>075061 Qu\u1ea3n l\u00fd ti\u1ebfp th\u1ecb (Marketing Management)<\/li>\n\n\n\n<li>075117 H\u1ec7 th\u1ed1ng qu\u1ea3n l\u00fd tri th\u1ee9c (Knowledge Management Systems)<\/li>\n\n\n\n<li>075120 Qu\u1ea3n tr\u1ecb h\u1ec7 kinh doanh \u0111i\u1ec7n t\u1eed (E-Business Management)<\/li>\n\n\n\n<li>075121 Gi\u1ea3i quy\u1ebft v\u1ea5n \u0111\u1ec1 trong qu\u1ea3n l\u00fd (Management Problem Solving)<\/li>\n\n\n\n<li>075129 Qu\u1ea3n l\u00fd v\u1eadn h\u00e0nh (Operations Management)<\/li>\n\n\n\n<li>075131 Qu\u1ea3n tr\u1ecb t\u00e0i ch\u00ednh (Finance Management)<\/li>\n\n\n\n<li>075132 H\u00e0nh vi ng\u01b0\u1eddi mua (Consumer Behavior)<\/li>\n\n\n\n<li>075133 Qu\u1ea3n l\u00fd \u0111\u1ed5i m\u1edbi trong t\u1ed5 ch\u1ee9c (Managing Organizational Innovation)<\/li>\n\n\n\n<li>075134 Qu\u00e1n l\u00fd ch\u1ea5t l\u01b0\u1ee3ng to\u00e0n di\u1ec7n (Total Quality Management)<\/li>\n\n\n\n<li>075135 Lean v\u00e0 Six sigma (Lean and Six Sigma)<\/li>\n\n\n\n<li>075136 H\u1ec7 th\u1ed1ng kinh doanh d\u1ecbch v\u1ee5 (Service Business)<\/li>\n\n\n\n<li>075137 D\u1eef li\u1ec7u l\u1edbn trong kinh doanh (Big Data For Business)<\/li>\n\n\n\n<li>075138 Qu\u1ea3n tr\u1ecb h\u1ec7 th\u1ed1ng th\u00f4ng tin trong kinh doanh (Management Of Business Information System)<\/li>\n\n\n\n<li>075139 Marketing d\u1ecbch v\u1ee5 (Service Marketing)<\/li>\n\n\n\n<li>075140 Digital marketing (Digital Marketing)<\/li>\n\n\n\n<li>075142 Qu\u1ea3n l\u00fd d\u1ef1 \u00e1n n\u00e2ng cao (Advanced Project management)<\/li>\n\n\n\n<li>075143 K\u1ebf to\u00e1n qu\u1ea3n tr\u1ecb cho ng\u01b0\u1eddi ra quy\u1ebft \u0111\u1ecbnh (Managerial Accounting For Decision Makers)<\/li>\n\n\n\n<li>075144 Qu\u1ea3n tr\u1ecb con ng\u01b0\u1eddi v\u00e0 t\u1ed5 ch\u1ee9c (Managing People And Organizations)<\/li>\n\n\n\n<li>075148 Chuy\u1ec3n \u0111\u1ed5i s\u1ed1 (Digital Transformation)<\/li>\n\n\n\n<li>075153 Qu\u1ea3n l\u00fd chu\u1ed7i cung \u1ee9ng to\u00e0n c\u1ea7u (Global Supply Change Management)<\/li>\n\n\n\n<li>075154 Qu\u1ea3n l\u00fd chi\u1ebfn l\u01b0\u1ee3c trong th\u1eddi \u0111\u1ea1i s\u1ed1 (Strategy Management In The Digital Age)<\/li>\n\n\n\n<li>075156 Kinh doanh qu\u1ed1c t\u1ebf (International Business)<\/li>\n\n\n\n<li>075162 Th\u1ef1c t\u1eadp chuy\u00ean \u0111\u1ec1 kinh doanh 1 (Practical Business Project 1)<\/li>\n\n\n\n<li>075163 Th\u1ef1c t\u1eadp chuy\u00ean \u0111\u1ec1 kinh doanh 2 (Practical Business Project 2)<\/li>\n\n\n\n<li>505910 \u0110\u1ed5i m\u1edbi s\u00e1ng t\u1ea1o &amp; kh\u1edfi nghi\u1ec7p (Innovation And Entrepreneurship)<\/li>\n\n\n\n<li>505922 \u0110\u1ea1o \u0111\u1ee9c kinh doanh v\u00e0 tr\u00e1ch nhi\u1ec7m x\u00e3 h\u1ed9i (Business Ethics And Corporate Social Responsibility)<\/li>\n\n\n\n<li>505934 Chuy\u00ean \u0111\u1ec1 k\u1ef9 n\u0103ng ph\u00e2n t\u00edch, vi\u1ebft, xu\u1ea5t b\u1ea3n NCKH (Analyzing, Writing, Publishing Scientific Papers)<\/li>\n\n\n\n<li>505935 Chuy\u00ean \u0111\u1ec1 ph\u00e2n t\u00edch v\u00e0 x\u1eed l\u00fd d\u1eef li\u1ec7u \u0111a chi\u1ec1u (Multivariate Analysis)<\/li>\n\n\n\n<li>AS5900 Tri\u1ebft h\u1ecdc (Philosophy)<\/li>\n<\/ul>\n","protected":false},"excerpt":{"rendered":"<p>Postgraduate courses<\/p>\n","protected":false},"author":4,"featured_media":0,"parent":0,"menu_order":0,"comment_status":"closed","ping_status":"closed","template":"","meta":{"footnotes":""},"class_list":["post-12149","page","type-page","status-publish","hentry"],"yoast_head":"<!-- This site is optimized with the Yoast SEO plugin v23.5 - https:\/\/yoast.com\/wordpress\/plugins\/seo\/ -->\n<title>Course List - School of Industrial Management<\/title>\n<meta name=\"robots\" content=\"index, follow, max-snippet:-1, max-image-preview:large, max-video-preview:-1\" \/>\n<link rel=\"canonical\" href=\"https:\/\/sim.hcmut.edu.vn\/en\/course-list-3\/\" \/>\n<meta property=\"og:locale\" content=\"en_US\" \/>\n<meta property=\"og:type\" content=\"article\" \/>\n<meta property=\"og:title\" content=\"Course List - School of Industrial Management\" \/>\n<meta property=\"og:description\" content=\"Postgraduate courses\" \/>\n<meta property=\"og:url\" content=\"https:\/\/sim.hcmut.edu.vn\/en\/course-list-3\/\" \/>\n<meta property=\"og:site_name\" content=\"School of Industrial Management\" \/>\n<meta property=\"article:modified_time\" content=\"2024-10-04T03:19:39+00:00\" \/>\n<meta name=\"twitter:card\" content=\"summary_large_image\" \/>\n<meta name=\"twitter:label1\" content=\"Est. reading time\" \/>\n\t<meta name=\"twitter:data1\" content=\"32 minutes\" \/>\n<script type=\"application\/ld+json\" class=\"yoast-schema-graph\">{\"@context\":\"https:\/\/schema.org\",\"@graph\":[{\"@type\":\"WebPage\",\"@id\":\"https:\/\/sim.hcmut.edu.vn\/en\/course-list-3\/\",\"url\":\"https:\/\/sim.hcmut.edu.vn\/en\/course-list-3\/\",\"name\":\"Course List - School of Industrial Management\",\"isPartOf\":{\"@id\":\"https:\/\/sim.hcmut.edu.vn\/en\/#website\"},\"datePublished\":\"2024-04-16T06:12:46+00:00\",\"dateModified\":\"2024-10-04T03:19:39+00:00\",\"breadcrumb\":{\"@id\":\"https:\/\/sim.hcmut.edu.vn\/en\/course-list-3\/#breadcrumb\"},\"inLanguage\":\"en-US\",\"potentialAction\":[{\"@type\":\"ReadAction\",\"target\":[\"https:\/\/sim.hcmut.edu.vn\/en\/course-list-3\/\"]}]},{\"@type\":\"BreadcrumbList\",\"@id\":\"https:\/\/sim.hcmut.edu.vn\/en\/course-list-3\/#breadcrumb\",\"itemListElement\":[{\"@type\":\"ListItem\",\"position\":1,\"name\":\"Home\",\"item\":\"https:\/\/sim.hcmut.edu.vn\/en\/\"},{\"@type\":\"ListItem\",\"position\":2,\"name\":\"Course List\"}]},{\"@type\":\"WebSite\",\"@id\":\"https:\/\/sim.hcmut.edu.vn\/en\/#website\",\"url\":\"https:\/\/sim.hcmut.edu.vn\/en\/\",\"name\":\"School of Industrial Management\",\"description\":\"HCM City University of Technology\",\"publisher\":{\"@id\":\"https:\/\/sim.hcmut.edu.vn\/en\/#organization\"},\"potentialAction\":[{\"@type\":\"SearchAction\",\"target\":{\"@type\":\"EntryPoint\",\"urlTemplate\":\"https:\/\/sim.hcmut.edu.vn\/en\/?s={search_term_string}\"},\"query-input\":{\"@type\":\"PropertyValueSpecification\",\"valueRequired\":true,\"valueName\":\"search_term_string\"}}],\"inLanguage\":\"en-US\"},{\"@type\":\"Organization\",\"@id\":\"https:\/\/sim.hcmut.edu.vn\/en\/#organization\",\"name\":\"Khoa Qu\u1ea3n l\u00fd C\u00f4ng nghi\u1ec7p\",\"url\":\"https:\/\/sim.hcmut.edu.vn\/en\/\",\"logo\":{\"@type\":\"ImageObject\",\"inLanguage\":\"en-US\",\"@id\":\"https:\/\/sim.hcmut.edu.vn\/en\/#\/schema\/logo\/image\/\",\"url\":\"https:\/\/new.sim.edu.vn\/wp-content\/uploads\/2021\/11\/logo-SIM-since-1990-300x152-1.png\",\"contentUrl\":\"https:\/\/new.sim.edu.vn\/wp-content\/uploads\/2021\/11\/logo-SIM-since-1990-300x152-1.png\",\"width\":300,\"height\":152,\"caption\":\"Khoa Qu\u1ea3n l\u00fd C\u00f4ng nghi\u1ec7p\"},\"image\":{\"@id\":\"https:\/\/sim.hcmut.edu.vn\/en\/#\/schema\/logo\/image\/\"}}]}<\/script>\n<!-- \/ Yoast SEO plugin. -->","yoast_head_json":{"title":"Course List - School of Industrial Management","robots":{"index":"index","follow":"follow","max-snippet":"max-snippet:-1","max-image-preview":"max-image-preview:large","max-video-preview":"max-video-preview:-1"},"canonical":"https:\/\/sim.hcmut.edu.vn\/en\/course-list-3\/","og_locale":"en_US","og_type":"article","og_title":"Course List - School of Industrial Management","og_description":"Postgraduate courses","og_url":"https:\/\/sim.hcmut.edu.vn\/en\/course-list-3\/","og_site_name":"School of Industrial Management","article_modified_time":"2024-10-04T03:19:39+00:00","twitter_card":"summary_large_image","twitter_misc":{"Est. reading time":"32 minutes"},"schema":{"@context":"https:\/\/schema.org","@graph":[{"@type":"WebPage","@id":"https:\/\/sim.hcmut.edu.vn\/en\/course-list-3\/","url":"https:\/\/sim.hcmut.edu.vn\/en\/course-list-3\/","name":"Course List - School of Industrial Management","isPartOf":{"@id":"https:\/\/sim.hcmut.edu.vn\/en\/#website"},"datePublished":"2024-04-16T06:12:46+00:00","dateModified":"2024-10-04T03:19:39+00:00","breadcrumb":{"@id":"https:\/\/sim.hcmut.edu.vn\/en\/course-list-3\/#breadcrumb"},"inLanguage":"en-US","potentialAction":[{"@type":"ReadAction","target":["https:\/\/sim.hcmut.edu.vn\/en\/course-list-3\/"]}]},{"@type":"BreadcrumbList","@id":"https:\/\/sim.hcmut.edu.vn\/en\/course-list-3\/#breadcrumb","itemListElement":[{"@type":"ListItem","position":1,"name":"Home","item":"https:\/\/sim.hcmut.edu.vn\/en\/"},{"@type":"ListItem","position":2,"name":"Course List"}]},{"@type":"WebSite","@id":"https:\/\/sim.hcmut.edu.vn\/en\/#website","url":"https:\/\/sim.hcmut.edu.vn\/en\/","name":"School of Industrial Management","description":"HCM City University of Technology","publisher":{"@id":"https:\/\/sim.hcmut.edu.vn\/en\/#organization"},"potentialAction":[{"@type":"SearchAction","target":{"@type":"EntryPoint","urlTemplate":"https:\/\/sim.hcmut.edu.vn\/en\/?s={search_term_string}"},"query-input":{"@type":"PropertyValueSpecification","valueRequired":true,"valueName":"search_term_string"}}],"inLanguage":"en-US"},{"@type":"Organization","@id":"https:\/\/sim.hcmut.edu.vn\/en\/#organization","name":"Khoa Qu\u1ea3n l\u00fd C\u00f4ng nghi\u1ec7p","url":"https:\/\/sim.hcmut.edu.vn\/en\/","logo":{"@type":"ImageObject","inLanguage":"en-US","@id":"https:\/\/sim.hcmut.edu.vn\/en\/#\/schema\/logo\/image\/","url":"https:\/\/new.sim.edu.vn\/wp-content\/uploads\/2021\/11\/logo-SIM-since-1990-300x152-1.png","contentUrl":"https:\/\/new.sim.edu.vn\/wp-content\/uploads\/2021\/11\/logo-SIM-since-1990-300x152-1.png","width":300,"height":152,"caption":"Khoa Qu\u1ea3n l\u00fd C\u00f4ng nghi\u1ec7p"},"image":{"@id":"https:\/\/sim.hcmut.edu.vn\/en\/#\/schema\/logo\/image\/"}}]}},"_links":{"self":[{"href":"https:\/\/sim.hcmut.edu.vn\/en\/wp-json\/wp\/v2\/pages\/12149","targetHints":{"allow":["GET"]}}],"collection":[{"href":"https:\/\/sim.hcmut.edu.vn\/en\/wp-json\/wp\/v2\/pages"}],"about":[{"href":"https:\/\/sim.hcmut.edu.vn\/en\/wp-json\/wp\/v2\/types\/page"}],"author":[{"embeddable":true,"href":"https:\/\/sim.hcmut.edu.vn\/en\/wp-json\/wp\/v2\/users\/4"}],"replies":[{"embeddable":true,"href":"https:\/\/sim.hcmut.edu.vn\/en\/wp-json\/wp\/v2\/comments?post=12149"}],"version-history":[{"count":5,"href":"https:\/\/sim.hcmut.edu.vn\/en\/wp-json\/wp\/v2\/pages\/12149\/revisions"}],"predecessor-version":[{"id":12336,"href":"https:\/\/sim.hcmut.edu.vn\/en\/wp-json\/wp\/v2\/pages\/12149\/revisions\/12336"}],"wp:attachment":[{"href":"https:\/\/sim.hcmut.edu.vn\/en\/wp-json\/wp\/v2\/media?parent=12149"}],"curies":[{"name":"wp","href":"https:\/\/api.w.org\/{rel}","templated":true}]}}