{"id":7583,"date":"2019-07-20T15:35:15","date_gmt":"2019-07-20T15:35:15","guid":{"rendered":"http:\/\/sim.nguyenngocbinhphuong.com\/?page_id=7583"},"modified":"2019-07-26T11:30:07","modified_gmt":"2019-07-26T11:30:07","slug":"bao-chi-viet-ve-khoa","status":"publish","type":"page","link":"https:\/\/sim.hcmut.edu.vn\/en\/bao-chi-viet-ve-khoa\/","title":{"rendered":"B\u00e1o ch\u00ed n\u00f3i v\u1ec1 Khoa QLCN"},"content":{"rendered":"\t\t<div data-elementor-type=\"wp-post\" data-elementor-id=\"7583\" class=\"elementor elementor-7583\">\n\t\t\t\t\t\t<section class=\"elementor-section elementor-top-section elementor-element elementor-element-facb20d elementor-section-stretched elementor-section-full_width elementor-section-height-default elementor-section-height-default\" data-id=\"facb20d\" data-element_type=\"section\" data-settings=\"{&quot;stretch_section&quot;:&quot;section-stretched&quot;}\">\n\t\t\t\t\t\t<div class=\"elementor-container elementor-column-gap-no\">\n\t\t\t\t\t<div class=\"elementor-column elementor-col-100 elementor-top-column elementor-element elementor-element-a4caf34\" data-id=\"a4caf34\" data-element_type=\"column\">\n\t\t\t<div class=\"elementor-widget-wrap elementor-element-populated\">\n\t\t\t\t\t\t<div class=\"elementor-element elementor-element-b00132d elementor-widget elementor-widget-flip-box\" data-id=\"b00132d\" data-element_type=\"widget\" data-widget_type=\"flip-box.default\">\n\t\t\t\t<div class=\"elementor-widget-container\">\n\t\t\t\t\t \t\t\t\t<\/div>\n\t\t\t\t<\/div>\n\t\t\t\t\t<\/div>\n\t\t<\/div>\n\t\t\t\t\t<\/div>\n\t\t<\/section>\n\t\t\t\t<\/div>\n\t\t","protected":false},"excerpt":{"rendered":"<p>B\u1ea1n \u0111\u00e3 bi\u1ebft g\u00ec v\u1ec1 ng\u00e0nh Qu\u1ea3n l\u00fd c\u00f4ng nghi\u1ec7p Click v\u00e0o \u0111\u00e2y \u0111\u1ec3 xem chi ti\u1ebft Xem ngay<\/p>\n","protected":false},"author":1,"featured_media":0,"parent":0,"menu_order":0,"comment_status":"closed","ping_status":"closed","template":"","meta":{"footnotes":""},"class_list":["post-7583","page","type-page","status-publish","hentry"],"yoast_head":"<!-- This site is optimized with the Yoast SEO plugin v23.5 - https:\/\/yoast.com\/wordpress\/plugins\/seo\/ -->\n<title>B\u00e1o ch\u00ed n\u00f3i v\u1ec1 Khoa QLCN - School of Industrial Management<\/title>\n<meta name=\"robots\" content=\"index, follow, max-snippet:-1, max-image-preview:large, max-video-preview:-1\" \/>\n<link rel=\"canonical\" href=\"https:\/\/sim.hcmut.edu.vn\/en\/bao-chi-viet-ve-khoa\/\" \/>\n<meta property=\"og:locale\" content=\"en_US\" \/>\n<meta property=\"og:type\" content=\"article\" \/>\n<meta property=\"og:title\" content=\"B\u00e1o ch\u00ed n\u00f3i v\u1ec1 Khoa QLCN - School of Industrial Management\" \/>\n<meta property=\"og:description\" content=\"B\u1ea1n \u0111\u00e3 bi\u1ebft g\u00ec v\u1ec1 ng\u00e0nh Qu\u1ea3n l\u00fd c\u00f4ng nghi\u1ec7p Click v\u00e0o \u0111\u00e2y \u0111\u1ec3 xem chi ti\u1ebft Xem ngay\" \/>\n<meta property=\"og:url\" content=\"https:\/\/sim.hcmut.edu.vn\/en\/bao-chi-viet-ve-khoa\/\" \/>\n<meta property=\"og:site_name\" content=\"School of Industrial Management\" \/>\n<meta property=\"article:modified_time\" content=\"2019-07-26T11:30:07+00:00\" \/>\n<meta name=\"twitter:card\" content=\"summary_large_image\" \/>\n<script type=\"application\/ld+json\" class=\"yoast-schema-graph\">{\"@context\":\"https:\/\/schema.org\",\"@graph\":[{\"@type\":\"WebPage\",\"@id\":\"https:\/\/sim.hcmut.edu.vn\/en\/bao-chi-viet-ve-khoa\/\",\"url\":\"https:\/\/sim.hcmut.edu.vn\/en\/bao-chi-viet-ve-khoa\/\",\"name\":\"B\u00e1o ch\u00ed n\u00f3i v\u1ec1 Khoa QLCN - School of Industrial Management\",\"isPartOf\":{\"@id\":\"https:\/\/sim.hcmut.edu.vn\/en\/#website\"},\"datePublished\":\"2019-07-20T15:35:15+00:00\",\"dateModified\":\"2019-07-26T11:30:07+00:00\",\"breadcrumb\":{\"@id\":\"https:\/\/sim.hcmut.edu.vn\/en\/bao-chi-viet-ve-khoa\/#breadcrumb\"},\"inLanguage\":\"en-US\",\"potentialAction\":[{\"@type\":\"ReadAction\",\"target\":[\"https:\/\/sim.hcmut.edu.vn\/en\/bao-chi-viet-ve-khoa\/\"]}]},{\"@type\":\"BreadcrumbList\",\"@id\":\"https:\/\/sim.hcmut.edu.vn\/en\/bao-chi-viet-ve-khoa\/#breadcrumb\",\"itemListElement\":[{\"@type\":\"ListItem\",\"position\":1,\"name\":\"Home\",\"item\":\"https:\/\/sim.hcmut.edu.vn\/en\/\"},{\"@type\":\"ListItem\",\"position\":2,\"name\":\"B\u00e1o ch\u00ed n\u00f3i v\u1ec1 Khoa QLCN\"}]},{\"@type\":\"WebSite\",\"@id\":\"https:\/\/sim.hcmut.edu.vn\/en\/#website\",\"url\":\"https:\/\/sim.hcmut.edu.vn\/en\/\",\"name\":\"School of Industrial Management\",\"description\":\"HCM City University of Technology\",\"publisher\":{\"@id\":\"https:\/\/sim.hcmut.edu.vn\/en\/#organization\"},\"potentialAction\":[{\"@type\":\"SearchAction\",\"target\":{\"@type\":\"EntryPoint\",\"urlTemplate\":\"https:\/\/sim.hcmut.edu.vn\/en\/?s={search_term_string}\"},\"query-input\":{\"@type\":\"PropertyValueSpecification\",\"valueRequired\":true,\"valueName\":\"search_term_string\"}}],\"inLanguage\":\"en-US\"},{\"@type\":\"Organization\",\"@id\":\"https:\/\/sim.hcmut.edu.vn\/en\/#organization\",\"name\":\"Khoa Qu\u1ea3n l\u00fd C\u00f4ng nghi\u1ec7p\",\"url\":\"https:\/\/sim.hcmut.edu.vn\/en\/\",\"logo\":{\"@type\":\"ImageObject\",\"inLanguage\":\"en-US\",\"@id\":\"https:\/\/sim.hcmut.edu.vn\/en\/#\/schema\/logo\/image\/\",\"url\":\"https:\/\/new.sim.edu.vn\/wp-content\/uploads\/2021\/11\/logo-SIM-since-1990-300x152-1.png\",\"contentUrl\":\"https:\/\/new.sim.edu.vn\/wp-content\/uploads\/2021\/11\/logo-SIM-since-1990-300x152-1.png\",\"width\":300,\"height\":152,\"caption\":\"Khoa Qu\u1ea3n l\u00fd C\u00f4ng nghi\u1ec7p\"},\"image\":{\"@id\":\"https:\/\/sim.hcmut.edu.vn\/en\/#\/schema\/logo\/image\/\"}}]}<\/script>\n<!-- \/ Yoast SEO plugin. -->","yoast_head_json":{"title":"B\u00e1o ch\u00ed n\u00f3i v\u1ec1 Khoa QLCN - School of Industrial Management","robots":{"index":"index","follow":"follow","max-snippet":"max-snippet:-1","max-image-preview":"max-image-preview:large","max-video-preview":"max-video-preview:-1"},"canonical":"https:\/\/sim.hcmut.edu.vn\/en\/bao-chi-viet-ve-khoa\/","og_locale":"en_US","og_type":"article","og_title":"B\u00e1o ch\u00ed n\u00f3i v\u1ec1 Khoa QLCN - School of Industrial Management","og_description":"B\u1ea1n \u0111\u00e3 bi\u1ebft g\u00ec v\u1ec1 ng\u00e0nh Qu\u1ea3n l\u00fd c\u00f4ng nghi\u1ec7p Click v\u00e0o \u0111\u00e2y \u0111\u1ec3 xem chi ti\u1ebft Xem ngay","og_url":"https:\/\/sim.hcmut.edu.vn\/en\/bao-chi-viet-ve-khoa\/","og_site_name":"School of Industrial Management","article_modified_time":"2019-07-26T11:30:07+00:00","twitter_card":"summary_large_image","schema":{"@context":"https:\/\/schema.org","@graph":[{"@type":"WebPage","@id":"https:\/\/sim.hcmut.edu.vn\/en\/bao-chi-viet-ve-khoa\/","url":"https:\/\/sim.hcmut.edu.vn\/en\/bao-chi-viet-ve-khoa\/","name":"B\u00e1o ch\u00ed n\u00f3i v\u1ec1 Khoa QLCN - School of Industrial Management","isPartOf":{"@id":"https:\/\/sim.hcmut.edu.vn\/en\/#website"},"datePublished":"2019-07-20T15:35:15+00:00","dateModified":"2019-07-26T11:30:07+00:00","breadcrumb":{"@id":"https:\/\/sim.hcmut.edu.vn\/en\/bao-chi-viet-ve-khoa\/#breadcrumb"},"inLanguage":"en-US","potentialAction":[{"@type":"ReadAction","target":["https:\/\/sim.hcmut.edu.vn\/en\/bao-chi-viet-ve-khoa\/"]}]},{"@type":"BreadcrumbList","@id":"https:\/\/sim.hcmut.edu.vn\/en\/bao-chi-viet-ve-khoa\/#breadcrumb","itemListElement":[{"@type":"ListItem","position":1,"name":"Home","item":"https:\/\/sim.hcmut.edu.vn\/en\/"},{"@type":"ListItem","position":2,"name":"B\u00e1o ch\u00ed n\u00f3i v\u1ec1 Khoa QLCN"}]},{"@type":"WebSite","@id":"https:\/\/sim.hcmut.edu.vn\/en\/#website","url":"https:\/\/sim.hcmut.edu.vn\/en\/","name":"School of Industrial Management","description":"HCM City University of Technology","publisher":{"@id":"https:\/\/sim.hcmut.edu.vn\/en\/#organization"},"potentialAction":[{"@type":"SearchAction","target":{"@type":"EntryPoint","urlTemplate":"https:\/\/sim.hcmut.edu.vn\/en\/?s={search_term_string}"},"query-input":{"@type":"PropertyValueSpecification","valueRequired":true,"valueName":"search_term_string"}}],"inLanguage":"en-US"},{"@type":"Organization","@id":"https:\/\/sim.hcmut.edu.vn\/en\/#organization","name":"Khoa Qu\u1ea3n l\u00fd C\u00f4ng nghi\u1ec7p","url":"https:\/\/sim.hcmut.edu.vn\/en\/","logo":{"@type":"ImageObject","inLanguage":"en-US","@id":"https:\/\/sim.hcmut.edu.vn\/en\/#\/schema\/logo\/image\/","url":"https:\/\/new.sim.edu.vn\/wp-content\/uploads\/2021\/11\/logo-SIM-since-1990-300x152-1.png","contentUrl":"https:\/\/new.sim.edu.vn\/wp-content\/uploads\/2021\/11\/logo-SIM-since-1990-300x152-1.png","width":300,"height":152,"caption":"Khoa Qu\u1ea3n l\u00fd C\u00f4ng nghi\u1ec7p"},"image":{"@id":"https:\/\/sim.hcmut.edu.vn\/en\/#\/schema\/logo\/image\/"}}]}},"_links":{"self":[{"href":"https:\/\/sim.hcmut.edu.vn\/en\/wp-json\/wp\/v2\/pages\/7583","targetHints":{"allow":["GET"]}}],"collection":[{"href":"https:\/\/sim.hcmut.edu.vn\/en\/wp-json\/wp\/v2\/pages"}],"about":[{"href":"https:\/\/sim.hcmut.edu.vn\/en\/wp-json\/wp\/v2\/types\/page"}],"author":[{"embeddable":true,"href":"https:\/\/sim.hcmut.edu.vn\/en\/wp-json\/wp\/v2\/users\/1"}],"replies":[{"embeddable":true,"href":"https:\/\/sim.hcmut.edu.vn\/en\/wp-json\/wp\/v2\/comments?post=7583"}],"version-history":[{"count":5,"href":"https:\/\/sim.hcmut.edu.vn\/en\/wp-json\/wp\/v2\/pages\/7583\/revisions"}],"predecessor-version":[{"id":8332,"href":"https:\/\/sim.hcmut.edu.vn\/en\/wp-json\/wp\/v2\/pages\/7583\/revisions\/8332"}],"wp:attachment":[{"href":"https:\/\/sim.hcmut.edu.vn\/en\/wp-json\/wp\/v2\/media?parent=7583"}],"curies":[{"name":"wp","href":"https:\/\/api.w.org\/{rel}","templated":true}]}}